{"id":32,"date":"2018-10-19T09:17:48","date_gmt":"2018-10-19T09:17:48","guid":{"rendered":"http:\/\/sickreation.de\/?page_id=32"},"modified":"2025-06-25T23:33:32","modified_gmt":"2025-06-25T21:33:32","slug":"music","status":"publish","type":"page","link":"http:\/\/sickreation.de\/","title":{"rendered":""},"content":{"rendered":"\n<p>kommen aus Sachsens Metal-Hochburg Leipzig und stehen f\u00fcr facettenreichen, eigenst\u00e4ndigen Death Metal. Keine klassische Old-School-Keule und kein modernes Brett, weder Melodic, noch Brutal Death \u2013 aber etwas von alldem und dazwischen. Oder um es mit der letzten EP der Band zu beschreiben: \u201eBrutal Killing \/ Epic Dying\u201c.<\/p>\n\n\n\n<p>SIC(K)REATION spielen eine straighte Death Metal-Mixtur von melodischer H\u00e4rte bis grooviger Kn\u00fcppelattacke, hier und da mit Black- und Doom-Elementen angereichert. Obendrauf gibt es bissige bis abgefahrene Texte \u00fcber Tod, Horror, den Wahnsinn des Lebens und die Abgr\u00fcnde des Daseins, die inzwischen \u00fcberwiegend auf Deutsch geschrieben werden. Mit der Anfang 2013 ver\u00f6ffentlichten und programmatisch betitelten EP \u201eBrutal Killing \/ Epic Dying\u201c fand die Band ihren aktuellen Sound. Nun steht nach intensiver Arbeit das neue Album \u201eD\u00e6miurg\u201c in den Startl\u00f6chern, mit dem der Leipziger F\u00fcnfer auch live wieder angreifen will.<br>Seit der Gr\u00fcndung 2004 teilten SIC(K)REATION die B\u00fchne unter anderem mit God Dethroned, Revel In Flesh, Graveyard (ESP), Debauchery, Fleshless, Rogash, Human Prey und Cytotoxin. Zu zwei Kurzfilmen (\u201eB96\u201c 2008 und \u201eFlucht nach vorn\u201c 2012) hat die Band mit ihren Songs den Soundtrack geliefert. Riskiert ein Ohr und lasst Euch mitnehmen auf einen eing\u00e4ngigen Death Metal-Ritt made in Leipzig!<\/p>\n\n\n\n<p>Giganfragen, Fanpost, Lob, Kritik\u2026<br>Schreibt uns einfach an&nbsp;<a href=\"mailto:sickreation@gmail.com\">sickreation@gmail.com<\/a><\/p>\n\n\n\n<figure class=\"wp-block-embed is-type-video is-provider-youtube wp-block-embed-youtube wp-embed-aspect-16-9 wp-has-aspect-ratio\"><div class=\"wp-block-embed__wrapper\">\n<iframe loading=\"lazy\" title=\"SIC(K)REATION - &quot;Schlechte Stadt&quot;\" width=\"920\" height=\"518\" src=\"https:\/\/www.youtube.com\/embed\/2aO0C3KX3xQ?feature=oembed\" frameborder=\"0\" allow=\"accelerometer; autoplay; clipboard-write; encrypted-media; gyroscope; picture-in-picture; web-share\" referrerpolicy=\"strict-origin-when-cross-origin\" allowfullscreen><\/iframe>\n<\/div><\/figure>\n\n\n\n<figure class=\"wp-block-embed is-type-video is-provider-youtube wp-block-embed-youtube wp-embed-aspect-16-9 wp-has-aspect-ratio\"><div class=\"wp-block-embed__wrapper\">\n<iframe loading=\"lazy\" title=\"SIC(K)REATION - &quot;D\u00e6miurg&quot; Album Trailer\" width=\"920\" height=\"518\" src=\"https:\/\/www.youtube.com\/embed\/FoZ7mVQ9E0M?feature=oembed\" frameborder=\"0\" allow=\"accelerometer; autoplay; clipboard-write; encrypted-media; gyroscope; picture-in-picture; web-share\" referrerpolicy=\"strict-origin-when-cross-origin\" allowfullscreen><\/iframe>\n<\/div><figcaption class=\"wp-element-caption\">Track by Track reinh\u00f6ren in unser Album &#8222;D\u00e6miurg&#8220;!<\/figcaption><\/figure>\n\n\n\n<p><\/p>\n\n\n<h2>CHECK US OUT!<\/h2>\n<!--[if lt IE 9]><script data-jetpack-boost=\"ignore\">document.createElement('audio');<\/script><![endif]-->\n\t<div class=\"wp-playlist wp-audio-playlist wp-playlist-light\">\n\t\t\t<div class=\"wp-playlist-current-item\"><\/div>\n\t\t<audio controls=\"controls\" preload=\"none\" width=\"898\"\n\t\t\t><\/audio>\n\t<div class=\"wp-playlist-next\"><\/div>\n\t<div class=\"wp-playlist-prev\"><\/div>\n\t<noscript>\n\t<ol>\n\t\t<li><a href='http:\/\/sickreation.de\/wp-content\/uploads\/2018\/10\/01-The-Axe-Effect.mp3'>The Axe Effect<\/a><\/li><li><a href='http:\/\/sickreation.de\/wp-content\/uploads\/2018\/10\/04-The-Return.mp3'>The Return<\/a><\/li><li><a href='http:\/\/sickreation.de\/wp-content\/uploads\/2018\/10\/05-Legalize-Murder.mp3'>Legalize Murder<\/a><\/li>\t<\/ol>\n\t<\/noscript>\n\t<script data-jetpack-boost=\"ignore\" type=\"application\/json\" class=\"wp-playlist-script\">{\"type\":\"audio\",\"tracklist\":true,\"tracknumbers\":true,\"images\":true,\"artists\":true,\"tracks\":[{\"src\":\"http:\\\/\\\/sickreation.de\\\/wp-content\\\/uploads\\\/2018\\\/10\\\/01-The-Axe-Effect.mp3\",\"type\":\"audio\\\/mpeg\",\"title\":\"The Axe Effect\",\"caption\":\"\",\"description\":\"\\\"The Axe Effect\\\" aus Brutal Killing \\\/ Epic Dying (EP) von Sic(k)reation. Ver\\u00f6ffentlicht: 2011. Titel 1 von 6. Genre: Death Metal.\",\"meta\":{\"artist\":\"Sic(k)reation\",\"album\":\"Brutal Killing \\\/ Epic Dying (EP)\",\"genre\":\"Death Metal\",\"year\":\"2011\",\"length_formatted\":\"3:11\"},\"image\":{\"src\":\"http:\\\/\\\/sickreation.de\\\/wp-includes\\\/images\\\/media\\\/audio.svg\",\"width\":48,\"height\":64},\"thumb\":{\"src\":\"http:\\\/\\\/sickreation.de\\\/wp-includes\\\/images\\\/media\\\/audio.svg\",\"width\":48,\"height\":64}},{\"src\":\"http:\\\/\\\/sickreation.de\\\/wp-content\\\/uploads\\\/2018\\\/10\\\/04-The-Return.mp3\",\"type\":\"audio\\\/mpeg\",\"title\":\"The Return\",\"caption\":\"\",\"description\":\"\\\"The Return\\\" aus Brutal Killing \\\/ Epic Dying (EP) von Sic(k)reation. Ver\\u00f6ffentlicht: 2011. Titel 4 von 6. Genre: Death Metal.\",\"meta\":{\"artist\":\"Sic(k)reation\",\"album\":\"Brutal Killing \\\/ Epic Dying (EP)\",\"genre\":\"Death Metal\",\"year\":\"2011\",\"length_formatted\":\"4:40\"},\"image\":{\"src\":\"http:\\\/\\\/sickreation.de\\\/wp-includes\\\/images\\\/media\\\/audio.svg\",\"width\":48,\"height\":64},\"thumb\":{\"src\":\"http:\\\/\\\/sickreation.de\\\/wp-includes\\\/images\\\/media\\\/audio.svg\",\"width\":48,\"height\":64}},{\"src\":\"http:\\\/\\\/sickreation.de\\\/wp-content\\\/uploads\\\/2018\\\/10\\\/05-Legalize-Murder.mp3\",\"type\":\"audio\\\/mpeg\",\"title\":\"Legalize Murder\",\"caption\":\"\",\"description\":\"\\\"Legalize Murder\\\" aus Brutal Killing \\\/ Epic Dying (EP) von Sic(k)reation. Ver\\u00f6ffentlicht: 2011. Titel 5 von 6. Genre: Death Metal.\",\"meta\":{\"artist\":\"Sic(k)reation\",\"album\":\"Brutal Killing \\\/ Epic Dying (EP)\",\"genre\":\"Death Metal\",\"year\":\"2011\",\"length_formatted\":\"3:17\"},\"image\":{\"src\":\"http:\\\/\\\/sickreation.de\\\/wp-includes\\\/images\\\/media\\\/audio.svg\",\"width\":48,\"height\":64},\"thumb\":{\"src\":\"http:\\\/\\\/sickreation.de\\\/wp-includes\\\/images\\\/media\\\/audio.svg\",\"width\":48,\"height\":64}}]}<\/script>\n<\/div>\n\t\n<\/p>","protected":false},"excerpt":{"rendered":"<p>kommen aus Sachsens Metal-Hochburg Leipzig und stehen f\u00fcr facettenreichen, eigenst\u00e4ndigen Death Metal. Keine klassische Old-School-Keule und kein modernes Brett, weder Melodic, noch Brutal Death \u2013 aber etwas von alldem und<\/p>\n<p class=\"more-link\"><a href=\"http:\/\/sickreation.de\/\" class=\"readmore\">Continue reading<span class=\"screen-reader-text\"><\/span><\/a><\/p>\n","protected":false},"author":1,"featured_media":0,"parent":0,"menu_order":0,"comment_status":"closed","ping_status":"closed","template":"","meta":{"footnotes":""},"class_list":["post-32","page","type-page","status-publish","hentry"],"jetpack_sharing_enabled":true,"_links":{"self":[{"href":"http:\/\/sickreation.de\/index.php?rest_route=\/wp\/v2\/pages\/32","targetHints":{"allow":["GET"]}}],"collection":[{"href":"http:\/\/sickreation.de\/index.php?rest_route=\/wp\/v2\/pages"}],"about":[{"href":"http:\/\/sickreation.de\/index.php?rest_route=\/wp\/v2\/types\/page"}],"author":[{"embeddable":true,"href":"http:\/\/sickreation.de\/index.php?rest_route=\/wp\/v2\/users\/1"}],"replies":[{"embeddable":true,"href":"http:\/\/sickreation.de\/index.php?rest_route=%2Fwp%2Fv2%2Fcomments&post=32"}],"version-history":[{"count":24,"href":"http:\/\/sickreation.de\/index.php?rest_route=\/wp\/v2\/pages\/32\/revisions"}],"predecessor-version":[{"id":259,"href":"http:\/\/sickreation.de\/index.php?rest_route=\/wp\/v2\/pages\/32\/revisions\/259"}],"wp:attachment":[{"href":"http:\/\/sickreation.de\/index.php?rest_route=%2Fwp%2Fv2%2Fmedia&parent=32"}],"curies":[{"name":"wp","href":"https:\/\/api.w.org\/{rel}","templated":true}]}}